{"id":3891,"date":"2021-11-24T16:48:58","date_gmt":"2021-11-24T13:48:58","guid":{"rendered":"https:\/\/www.autotech.ro\/wp\/?page_id=3891"},"modified":"2021-11-24T18:17:57","modified_gmt":"2021-11-24T15:17:57","slug":"cariere","status":"publish","type":"page","link":"https:\/\/autotech.ro\/wp\/cariere\/","title":{"rendered":"Cariere"},"content":{"rendered":"<div class=\"su-row\"><div class=\"su-column su-column-size-1-3 rightbar\"><div class=\"su-column-inner su-u-clearfix su-u-trim\">\n<h4>Vrei s\u0103 faci parte din echipa Hofmann?<\/h4>\n<p>Avem nevoie de:<br \/>\n<div class=\"su-list\" style=\"margin-left:10px\">\n<ul>\n<li><i class=\"sui sui-thumb-tack\" style=\"color:#333\"><\/i>  <strong>Area Sales Manager<\/strong> <\/li>\n<li><i class=\"sui sui-thumb-tack\" style=\"color:#333\"><\/i>  <strong>Tehnician Service (Inginer)<\/strong> <\/li>\n<\/ul>\n<\/div>\nV\u0103 rug\u0103m s\u0103 completa\u021bi formularul al\u0103turat \u0219i v\u0103 vom contacta. Confiden\u021bialitate garantat\u0103.<\/p>\n<\/div><\/div>\n<div class=\"su-column su-column-size-2-3\"><div class=\"su-column-inner su-u-clearfix su-u-trim\">\n\n<div class=\"wpcf7 no-js\" id=\"wpcf7-f3893-o1\" lang=\"ro-RO\" dir=\"ltr\" data-wpcf7-id=\"3893\">\n<div class=\"screen-reader-response\"><p role=\"status\" aria-live=\"polite\" aria-atomic=\"true\"><\/p> <ul><\/ul><\/div>\n<form action=\"\/wp\/wp-json\/wp\/v2\/pages\/3891#wpcf7-f3893-o1\" method=\"post\" class=\"wpcf7-form init\" aria-label=\"Formular de contact\" enctype=\"multipart\/form-data\" novalidate=\"novalidate\" data-status=\"init\">\n<fieldset class=\"hidden-fields-container\"><input type=\"hidden\" name=\"_wpcf7\" value=\"3893\" \/><input type=\"hidden\" name=\"_wpcf7_version\" value=\"6.1.1\" \/><input type=\"hidden\" name=\"_wpcf7_locale\" value=\"ro_RO\" \/><input type=\"hidden\" name=\"_wpcf7_unit_tag\" value=\"wpcf7-f3893-o1\" \/><input type=\"hidden\" name=\"_wpcf7_container_post\" value=\"0\" \/><input type=\"hidden\" name=\"_wpcf7_posted_data_hash\" value=\"\" \/><input type=\"hidden\" name=\"_wpcf7dtx_version\" value=\"5.0.3\" \/><input type=\"hidden\" name=\"_wpcf7_recaptcha_response\" value=\"\" \/>\n<\/fieldset>\n<div class=\"su-row\">\n\t<div class=\"su-column su-column-size-1-2\">\n\t\t<div class=\"su-column-inner su-u-clearfix su-u-trim\">\n\t\t\t<p><span class=\"wpcf7-form-control-wrap\" data-name=\"jnume\"><input size=\"40\" maxlength=\"400\" class=\"wpcf7-form-control wpcf7-text wpcf7-validates-as-required\" aria-required=\"true\" aria-invalid=\"false\" placeholder=\"Nume...\" value=\"\" type=\"text\" name=\"jnume\" \/><\/span>\n\t\t\t<\/p>\n\t\t<\/div>\n\t<\/div>\n\t<div class=\"su-column su-column-size-1-2\">\n\t\t<div class=\"su-column-inner su-u-clearfix su-u-trim\">\n\t\t\t<p><span class=\"wpcf7-form-control-wrap\" data-name=\"jprenume\"><input size=\"40\" maxlength=\"400\" class=\"wpcf7-form-control wpcf7-text wpcf7-validates-as-required\" aria-required=\"true\" aria-invalid=\"false\" placeholder=\"Prenume...\" value=\"\" type=\"text\" name=\"jprenume\" \/><\/span>\n\t\t\t<\/p>\n\t\t<\/div>\n\t<\/div>\n<\/div>\n<div class=\"su-row\">\n\t<div class=\"su-column su-column-size-1-3\">\n\t\t<div class=\"su-column-inner su-u-clearfix su-u-trim\">\n\t\t\t<p><span class=\"wpcf7-form-control-wrap\" data-name=\"jloc\"><input size=\"40\" maxlength=\"400\" class=\"wpcf7-form-control wpcf7-text wpcf7-validates-as-required\" aria-required=\"true\" aria-invalid=\"false\" placeholder=\"Localitate de domiciliu...\" value=\"\" type=\"text\" name=\"jloc\" \/><\/span>\n\t\t\t<\/p>\n\t\t<\/div>\n\t<\/div>\n\t<div class=\"su-column su-column-size-1-3\">\n\t\t<div class=\"su-column-inner su-u-clearfix su-u-trim\">\n\t\t\t<p><span class=\"wpcf7-form-control-wrap\" data-name=\"jtel\"><input size=\"40\" maxlength=\"400\" class=\"wpcf7-form-control wpcf7-tel wpcf7-validates-as-required wpcf7-text wpcf7-validates-as-tel\" aria-required=\"true\" aria-invalid=\"false\" placeholder=\"Telefon...\" value=\"\" type=\"tel\" name=\"jtel\" \/><\/span>\n\t\t\t<\/p>\n\t\t<\/div>\n\t<\/div>\n\t<div class=\"su-column su-column-size-1-3\">\n\t\t<div class=\"su-column-inner su-u-clearfix su-u-trim\">\n\t\t\t<p><span class=\"wpcf7-form-control-wrap\" data-name=\"jmail\"><input size=\"40\" maxlength=\"400\" class=\"wpcf7-form-control wpcf7-email wpcf7-validates-as-required wpcf7-text wpcf7-validates-as-email\" aria-required=\"true\" aria-invalid=\"false\" placeholder=\"E-mail...\" value=\"\" type=\"email\" name=\"jmail\" \/><\/span>\n\t\t\t<\/p>\n\t\t<\/div>\n\t<\/div>\n<\/div>\n<div class=\"su-row\">\n\t<div class=\"su-column su-column-size-1-3\">\n\t\t<div class=\"su-column-inner su-u-clearfix su-u-trim\">\n\t\t\t<p><span class=\"wpcf7-form-control-wrap\" data-name=\"jselect\"><select class=\"wpcf7-form-control wpcf7-select wpcf7-validates-as-required\" aria-required=\"true\" aria-invalid=\"false\" name=\"jselect\"><option value=\"\">Selectare post dorit...<\/option><option value=\"Area Sales Manager\">Area Sales Manager<\/option><option value=\"Tehnician Service (Inginer)\">Tehnician Service (Inginer)<\/option><\/select><\/span>\n\t\t\t<\/p>\n\t\t<\/div>\n\t<\/div>\n\t<div class=\"su-column su-column-size-2-3\">\n\t\t<div class=\"su-column-inner su-u-clearfix su-u-trim\">\n\t\t\t<p><span class=\"wpcf7-form-control-wrap\" data-name=\"jprez\"><textarea cols=\"40\" rows=\"10\" maxlength=\"2000\" class=\"wpcf7-form-control wpcf7-textarea maxh100\" aria-invalid=\"false\" placeholder=\"Scurt\u0103 prezentare...\" name=\"jprez\"><\/textarea><\/span>\n\t\t\t<\/p>\n\t\t<\/div>\n\t<\/div>\n<\/div>\n<div class=\"su-row\">\n\t<p><strong>Ata\u0219a\u021bi CV<\/strong> (doar PDF\/DOCX, max.2MB): <span class=\"wpcf7-form-control-wrap\" data-name=\"jcv\"><input size=\"40\" class=\"wpcf7-form-control wpcf7-file wpcf7-validates-as-required\" accept=\".docx,.pdf\" aria-required=\"true\" aria-invalid=\"false\" type=\"file\" name=\"jcv\" \/><\/span>\n\t<\/p>\n<\/div>\n<div class=\"su-row\">\n\t<p><input class=\"wpcf7-form-control wpcf7-submit has-spinner\" type=\"submit\" value=\"Trimite\" \/>\n\t<\/p>\n<\/div><div class=\"wpcf7-response-output\" aria-hidden=\"true\"><\/div>\n<\/form>\n<\/div>\n\n<\/div><\/div><\/div>\n","protected":false},"excerpt":{"rendered":"","protected":false},"author":1,"featured_media":0,"parent":0,"menu_order":0,"comment_status":"closed","ping_status":"closed","template":"","meta":{"footnotes":""},"class_list":["post-3891","page","type-page","status-publish","hentry"],"_links":{"self":[{"href":"https:\/\/autotech.ro\/wp\/wp-json\/wp\/v2\/pages\/3891","targetHints":{"allow":["GET"]}}],"collection":[{"href":"https:\/\/autotech.ro\/wp\/wp-json\/wp\/v2\/pages"}],"about":[{"href":"https:\/\/autotech.ro\/wp\/wp-json\/wp\/v2\/types\/page"}],"author":[{"embeddable":true,"href":"https:\/\/autotech.ro\/wp\/wp-json\/wp\/v2\/users\/1"}],"replies":[{"embeddable":true,"href":"https:\/\/autotech.ro\/wp\/wp-json\/wp\/v2\/comments?post=3891"}],"version-history":[{"count":0,"href":"https:\/\/autotech.ro\/wp\/wp-json\/wp\/v2\/pages\/3891\/revisions"}],"wp:attachment":[{"href":"https:\/\/autotech.ro\/wp\/wp-json\/wp\/v2\/media?parent=3891"}],"curies":[{"name":"wp","href":"https:\/\/api.w.org\/{rel}","templated":true}]}}